{"id":26,"date":"2017-03-29T12:41:42","date_gmt":"2017-03-29T10:41:42","guid":{"rendered":"http:\/\/asdmeierijstad.nl\/wordpress\/?page_id=26"},"modified":"2026-02-01T19:50:53","modified_gmt":"2026-02-01T18:50:53","slug":"wie-is-wie","status":"publish","type":"page","link":"https:\/\/asdmeierijstad.nl\/wordpress\/wie-is-wie\/","title":{"rendered":"Wie is wie?"},"content":{"rendered":"<button id=\"listenButton1\" class=\"responsivevoice-button\" type=\"button\" value=\"Play\" title=\"ResponsiveVoice Tap to Start\/Stop Speech\"><span>&#128266; Lees voor<\/span><\/button>\n        <script>\n            listenButton1.onclick = function(){\n                if(responsiveVoice.isPlaying()){\n                    responsiveVoice.cancel();\n                }else{\n                    responsiveVoice.speak(\"\", \"Dutch Female\");\n                }\n            };\n        <\/script>\n    \n<h2 id=\"tablepress-1-name\" class=\"tablepress-table-name tablepress-table-name-id-1\"><\/h2>\n\n<table id=\"tablepress-1\" class=\"tablepress tablepress-id-1\" aria-labelledby=\"tablepress-1-name\">\n<thead>\n<tr class=\"row-1\">\n\t<th class=\"column-1\">De raadsleden stellen zich voor:<\/th><td class=\"column-2\"><\/td>\n<\/tr>\n<\/thead>\n<tbody class=\"row-striping row-hover\">\n<tr class=\"row-2\">\n\t<td class=\"column-1\"><h1>Mari van der Aalsvoort, <br \/>\nvoorzitter<\/h1><span style=\";font-weight:bold\">Wie ben ik: <\/span><br \/>\n<br \/>\nIk ben Mari van der Aalsvoort en woonachtig in Schijndel, sinds begin 2023 lid van de adviesraad sociaal domein.Per 1 januari 2025 vervul ik de functie van voorzitter.<br \/>\n<span style=\";font-weight:bold\">Mijn achtergrond:<\/span><br \/>\n<br \/>\nIn januari 2022 ben ik, na meer dan 40 jaar voor een laboratorium in Veghel werkzaam te zijn geweest, gestopt met werken. Tot maart 2022 was ik lid geweest van de gemeenteraad, eerst in Schijndel en na de gemeentelijke herindeling in Meierijstad.<br \/>\n<span style=\";font-weight:bold\">Beweegredenen:<\/span><br \/>\n<br \/>\nOnze samenleving is voortdurend in verandering. Toch geloof ik dat we, door aandacht te houden voor elkaar en in het bijzonder voor degenen die het moeilijk vinden om mee te blijven doen, samen de samenleving in de juiste richting kunnen sturen. Dit doen we niet alleen v\u00f3\u00f3r, maar vooral m\u00e9t elkaar. als voorzitter van de ASD wil ik, samen met alle leden, inwoners en maatschappelijke organisaties, hieraan bijdragen.<br \/>\n <\/td><td class=\"column-2\"><img loading=\"lazy\" decoding=\"async\" src=\"https:\/\/asdmeierijstad.nl\/wordpress\/wp-content\/uploads\/2023\/03\/Mari-foto-225x300.jpg\" alt=\"\" width=\"225\" height=\"300\" class=\"alignnone size-medium wp-image-110\" \/><img <\/td>\n<\/tr>\n<tr class=\"row-3\">\n\t<td class=\"column-1\"><h1>Wilma van Asseldonk <br \/>\naandachtsgebied wmo en ggz<\/h1><span style=\";font-weight:bold\">Wie ben ik: <\/span><br \/>\nIk ben Wilma van Asseldonk, woon, na wat omzwervingen,  al weer lange tijd in Veghel en ben sinds oktober 2019 lid van de Adviesraad.<br \/>\n<span style=\";font-weight:bold\">Mijn achtergrond: <\/span> <br \/>\nIk heb in Veghel de opleiding tot verpleegkundige gevolgd en heb na de kinderaantekening en de tropencursus in Afrika gewerkt. Nadien ben ik de opleiding tot wijkverpleegkundige in Breda gaan volgen. In vervolg op mijn werk als wijkverpleegkundige heb ik in verschillende leidinggevende functies gewerkt en cursussen daarvoor gevolgd. Tot mijn pensioen heb ik bij de Zorgboog(Helmond eo) gewerkt, de laatste jaren als Hoofd Ketenzorg. <br \/>\n<span style=\";font-weight:bold\">Mijn beweegredenen: <\/span> <br \/>\nVanuit mijn achtergrond en ervaring meedenken en een bijdrage leveren aan onze gemeenschap in een actieve rol vanuit de Adviesraad. En zo een verbindende schakel kunnen zijn tussen de burger en de gemeente.<br \/>\n<\/td><td class=\"column-2\"><img loading=\"lazy\" decoding=\"async\" src=\"http:\/\/asdmeierijstad.nl\/wordpress\/wp-content\/uploads\/2019\/11\/Wilma-van-Asseldonk--264x300.jpg\" alt=\"\" width=\"264\" height=\"300\" class=\"alignnone size-medium wp-image-1192\" srcset=\"https:\/\/asdmeierijstad.nl\/wordpress\/wp-content\/uploads\/2019\/11\/Wilma-van-Asseldonk--264x300.jpg 264w, https:\/\/asdmeierijstad.nl\/wordpress\/wp-content\/uploads\/2019\/11\/Wilma-van-Asseldonk--900x1024.jpg 900w, https:\/\/asdmeierijstad.nl\/wordpress\/wp-content\/uploads\/2019\/11\/Wilma-van-Asseldonk--768x874.jpg 768w, https:\/\/asdmeierijstad.nl\/wordpress\/wp-content\/uploads\/2019\/11\/Wilma-van-Asseldonk--1350x1536.jpg 1350w, https:\/\/asdmeierijstad.nl\/wordpress\/wp-content\/uploads\/2019\/11\/Wilma-van-Asseldonk-.jpg 1503w\" sizes=\"(max-width: 264px) 100vw, 264px\" \/><\/td>\n<\/tr>\n<tr class=\"row-4\">\n\t<td class=\"column-1\"><h1>John Schut<br \/>\nvicevoorzitter, <br \/>\naandachtsgebied participatie en migratie<\/h1><span style=\";font-weight:bold\">Wie ben ik: <\/span><br \/>\nIk ben John Schut en woon sinds 1974 in Veghel. Vanaf november 2016 ben ik lid van   het aandachtsgebied  participatie en ben van daaruit in de ASD gekomen. <br \/>\n<span style=\";font-weight:bold\">Mijn achtergrond: <\/span><br \/>\nEind 2015 ben ik met pensioen gegaan. Daarvoor was ik werkzaam bij vakbond FNV als Regiohoofd individuele belangenbehartiging op het gebied van werk en inkomen en sociale zekerheid. <br \/>\n<span style=\";font-weight:bold\">Mijn beweegredenen: <\/span><br \/>\nDe behoeften om alle zaken rondom burgers zo goed mogelijk in beeld te krijgen, naar voren te brengen en zodanig in te vullen om volwaardig te kunnen deelnemen aan de snel veranderende samenleving. Vanuit mijn achtergrond wil ik daarin graag een bijdrage leveren. <br \/>\n<\/td><td class=\"column-2\"><img loading=\"lazy\" decoding=\"async\" src=\"https:\/\/asdmeierijstad.nl\/wordpress\/wp-content\/uploads\/2017\/04\/john.jpg\" alt=\"\" width=\"264\" height=\"300\" class=\"alignnone size-medium wp-image-1192\" \/><\/td>\n<\/tr>\n<tr class=\"row-5\">\n\t<td class=\"column-1\"><h1>Mart van Goor <br \/>\naandachtsgebied wmo en ggz<\/h1><span style=\";font-weight:bold\">Wie ben ik: <\/span><br \/>\nIk ben Mart van Goor, woonachtig in Mariaheide en heb sinds 2013 deel uitgemaakt van de WMO-raad Veghel. Ik vertegenwoordig in de ASD de senioren namens de ouderenbonden.<br \/>\n<span style=\";font-weight:bold\">Mijn achtergrond: <\/span><br \/>\nMomenteel ben ik met pensioen na altijd gewerkt te hebben bij Cehave, Cehave-Landbouwbelang en Agrifirm.<br \/>\n<span style=\";font-weight:bold\">Mijn beweegredenen: <\/span> <br \/>\nIk vind het belangrijk dat iedereen een bijdrage levert aan de sociale maatschappij. Mijn ervaring als OR- en vakbondskaderlid wil ik dan ook graag in dienst stellen als vertegenwoordiger van de senioren.<\/td><td class=\"column-2\"><img loading=\"lazy\" decoding=\"async\" src=\"http:\/\/asdmeierijstad.nl\/wordpress\/wp-content\/uploads\/2017\/04\/mart-225x300.jpg\" alt=\"\" width=\"225\" height=\"300\" class=\"alignnone size-medium wp-image-95\" srcset=\"https:\/\/asdmeierijstad.nl\/wordpress\/wp-content\/uploads\/2017\/04\/mart-225x300.jpg 225w, https:\/\/asdmeierijstad.nl\/wordpress\/wp-content\/uploads\/2017\/04\/mart-768x1024.jpg 768w, https:\/\/asdmeierijstad.nl\/wordpress\/wp-content\/uploads\/2017\/04\/mart.jpg 1543w\" sizes=\"(max-width: 225px) 100vw, 225px\" \/><\/td>\n<\/tr>\n<tr class=\"row-6\">\n\t<td class=\"column-1\"><h1>Willie Stevens<br \/>\nsecretaris<br \/>\n<\/h1><span style=\";font-weight:bold\">Wie ben ik: <\/span><br \/>\nIk ben Willie Stevens, geboren in 1961, woonachtig in Veghel. Ik ben getrouwd en heb drie volwassen kinderen en twee kleinkinderen. Ik ben directielid  op het Fioretti College in Veghel en ben vooral werkzaam als penvoerder \/ programmamanager voor Sterk Techniek Onderwijs Noord Oost Brabant.<br \/>\n<span style=\";font-weight:bold\">Mijn achtergrond:<\/span><br \/>\nIk ben in 1985 begonnen als docent Geschiedenis en Aardrijskunde aan de PIUS Tien Mavo in Veghel.<br \/>\nNa 15 jaar lesgeven het management ingerold en de laatste 10 jaar directielid onderwijs. Ik heb dus altijd in het onderwijs en in Veghel gewerkt en me ingezet voor goed VMBO onderwijs en gelijke kansen voor leerlingen.<br \/>\n<span style=\";font-weight:bold\">Beweegredenen:<\/span><br \/>\nHet inwonersperspectief wordt niet altijd gehoord of gewaardeerd en ik vind het belangrijk dat burgers gehoord en serieus genomen worden. Vanuit mijn achtergrond en ervaring kan ik een bijdrage geven aan het aandachtsgebied jeugd en onderwijs in het bijzonder en maar algemeen voor een goed sociaal beleid in de gemeente Meierijstad.<br \/>\n<br \/>\n <\/td><td class=\"column-2\"><img loading=\"lazy\" decoding=\"async\" src=\"https:\/\/asdmeierijstad.nl\/wordpress\/wp-content\/uploads\/2023\/02\/Willie-foto.jpg\" alt=\"\" width=\"225\" height=\"300\" class=\"alignnone size-medium wp-image-110\" \/><\/td>\n<\/tr>\n<tr class=\"row-7\">\n\t<td class=\"column-1\"><h1>Richard van Meersbergen, <br \/>\naandachtsgebied wmo en ggz.<\/h1><span style=\";font-weight:bold\">Wie ben ik: <\/span><br \/>\n<br \/>\nMijn naam is Richard van Meersbergen, geboren in 1966, wonend in Schijndel en getrouwd met Mijntje. Vanaf augustus 2024 lid van ASD.<br \/>\n<span style=\";font-weight:bold\">Mijn achtergrond:<\/span><br \/>\n<br \/>\n16 jaar heb ik bij de semioverheid gewerkt in diverse functies, zoals manager en bestuurder. Daarvoor heb ik 18 jaar in het bedrijfsleven gewerkt, onder andere als eindverantwoordelijke voor bedrijfsvoering. Daarnaast ben ik mantelzorger en ben ik onder andere lid geweest van het bestuur van TC Skinlo en de programmaraad gebruikersgroep bodemenergie. <br \/>\n<span style=\";font-weight:bold\">Beweegredenen:<\/span><br \/>\n<br \/>\nDe onderwerpen waarmee ASD bezig is raken inwoners, mantelzorgers en professionele ondersteuners direct in hun dagelijks leven. Het begint vaak met weten waar je moet zijn voor een luisterend oor, het organiseren van ondersteuning en het beantwoorden van je vragen. Om dit mogelijk te maken, is samenwerking belangrijk. Vanuit hier kunnen we samen verbeteren. Ik wil hieraan bijdragen, zodat ondersteuning binnen handbereik is.<br \/>\n <\/td><td class=\"column-2\"><img loading=\"lazy\" decoding=\"async\" src=\"https:\/\/asdmeierijstad.nl\/wordpress\/wp-content\/uploads\/2024\/09\/foto-Richard-scaled.jpg\" alt=\"\" width=\"225\" height=\"300\" class=\"alignnone size-medium wp-image-110\" \/><\/td>\n<\/tr>\n<tr class=\"row-8\">\n\t<td class=\"column-1\"><h1>Wilma van Antwerpen<br \/>\naandachtsgebied jeugd en  onderwijs<\/h1><span style=\";font-weight:bold\">Wie ben ik: <\/span><br \/>\n<br \/>\nIk ben Wilma van Antwerpen, geboren in 1956 in Veghel en woon daar nog steeds. Heb 1 zoon en ben sinds 2022 met pensioen.<br \/>\n<span style=\";font-weight:bold\">Mijn achtergrond:<\/span><br \/>\n<br \/>\nBen via het vormingswerk terecht gekomen in het onderwijs; begonnen bij het ROC als docent educatie, daarna accountmanager en tenslotte manager van de afdeling regio Veghel\/Uden. Mijn carri\u00e8re be\u00ebindigd als projectleider in de regio voor Leren en Werken.<br \/>\n<span style=\";font-weight:bold\">Beweegredenen:<\/span><br \/>\n<br \/>\nMeedenken voor de inwoners van Meierijstad over zaken die van belang zijn in deze samenleving met mijn netwerk als klankbord.<br \/>\n <\/td><td class=\"column-2\"><img loading=\"lazy\" decoding=\"async\" src=\"https:\/\/asdmeierijstad.nl\/wordpress\/wp-content\/uploads\/2024\/09\/foto-Wilma-rotated.jpg\" alt=\"\" width=\"225\" height=\"300\" class=\"alignnone size-medium wp-image-110\" \/><\/td>\n<\/tr>\n<tr class=\"row-9\">\n\t<td class=\"column-1\"><h1>Frank Mulkens, aandachtsgebied participatie en migratie<\/h1><span style=\";font-weight:bold\">Wie ben ik: <\/span><br \/>\n<br \/>\nIk ben Frank Mulkens, geboren in 1955 in Schijndel en woon sinds 1988 in Wijbosch. Vanaf december 2021 gepensioneerd.<br \/>\n<br \/>\nVanaf augustus 2024 lid van de Adviesraad<br \/>\n<span style=\";font-weight:bold\">Mijn achtergrond:<\/span><br \/>\n<br \/>\nIk ben mijn gehele werkzame leven (42,5 jaar) actief geweest als sociaal werker\/opbouwwerker bij verschillende welzijnsinstellingen in Noord-Brabant, o.a. In Oss, Den Bosch en Vught. Geruime tijd heb ik ook als leidinggevende gefunctioneerd.<br \/>\n<br \/>\nIk heb in de periode 2013-2021 gewerkt als wijkwerker en co\u00f6rdinator buurtbemiddeling bij Welzijn Vught.<br \/>\n<br \/>\nIk voel mij betrokken bij het welzijn van de inwoners van Meierijstad en ben actief in vrijwilligerswerk zoals 7,5 jaar voorzitter bestuur Dorpsraad Wijbosch tot 2018 en daarvoor 10 jaar voorzitter bestuur Dorpshuis de Geut.<br \/>\n<span style=\";font-weight:bold\">Beweegredenen:<\/span><br \/>\n<br \/>\nIk ben zeer betrokken bij burgerparticipatie en het sociale domein en wil graag een bijdrage leveren aan een sociaal, betrokken en actieve gemeenschap in Meierijstad. Hiervoor wil ik mijn ervaringen graag inzetten.<br \/>\n<br \/>\nIk vind respectvol met elkaar omgaan en \u2018oog hebben voor elkaar\u2019 zeer belangrijk. Ik leg graag verbindingen met en tussen mensen.<\/td><td class=\"column-2\"><img loading=\"lazy\" decoding=\"async\" src=\"https:\/\/asdmeierijstad.nl\/wordpress\/wp-content\/uploads\/2024\/09\/foto-Frank.jpg\" alt=\"\" width=\"225\" height=\"300\" class=\"alignnone size-medium wp-image-110\" \/><\/td>\n<\/tr>\n<tr class=\"row-10\">\n\t<td class=\"column-1\"><h1>Hans Wolven, aandachtsgebied participatie en migratie<\/h1><span style=\";font-weight:bold\">Wie ben ik: <\/span><br \/>\n<br \/>\nIn '75 ben ik als Drent in Schijndel komen wonen en ben hier getrouwd in '79. Samen met mijn vrouw, dochter en twee zoons en partners mogen we genieten van 7 kleinkinderen.<br \/>\n<span style=\";font-weight:bold\">Mijn achtergrond:<\/span><br \/>\n<br \/>\nIn '75 ben ik als Drent in Schijndel komen wonen en ben hier getrouwd in '79. Samen met mijn vrouw, dochter en twee zoons en partners mogen we genieten van 7 kleinkinderen. Mijn werkzaamheden hebben bestaan uit lange tijd in de levensmiddelen (bedrijfsleider), politiek (raadslid en wethouder) en de laatste 17 jaar ben ik werkzaam geweest bij de WSD als begeleider van collega's met een afstand tot de arbeidsmarkt. Verder heb ik vele functies gehad binnen het vrijwilligerswerk van Schijndel, o.a. (Tienerclub 65, Veilig Verkeer Nederland, Huurdersbelang Woonmeij) Ook provinciaal en landelijk heb ik diverse bestuursfuncties mogen bekleden. Sinds een jaar mag ik genieten van mijn pensioen en dat betekent dat het weer gaat kriebelen om maatschappelijk actief te zijn.<br \/>\n<span style=\";font-weight:bold\">Beweegredenen:<\/span><br \/>\n<br \/>\nMijn beweegredenen zijn eigenlijk heel simpel, ik wil en mag graag betrokken zijn bij onze maatschappij en hoop met mijn ervaring een bijdrage te kunnen leveren aan een goed leven voor onze inwoners van Meierijstad.<\/td><td class=\"column-2\"><img loading=\"lazy\" decoding=\"async\" src=\"https:\/\/asdmeierijstad.nl\/wordpress\/wp-content\/uploads\/2024\/09\/foto3-Hans-rotated.jpg\" alt=\"\" width=\"225\" height=\"300\" class=\"alignnone size-medium wp-image-110\" \/><\/td>\n<\/tr>\n<tr class=\"row-11\">\n\t<td class=\"column-1\"><h1>Hermien Visser, aandachtsgebied participatie en migratie<\/h1><span style=\";font-weight:bold\">Wie ben ik: <\/span><br \/>\n<br \/>\nIk ben Hermien Visser, geboren in 1960 in de Achterhoek en via de Noordoostpolder terechtgekomen in Veghel, waar ik sinds 1999 met veel plezier woon. Ik  ben onlangs gestopt met werken en sinds januari 2026 lid van de Adviesraad.<\/span><br \/>\n<br \/>\n<span style=\";font-weight:bold\">Mijn achtergrond: <\/span><br \/>\n<br \/>\nIk heb een achtergrond in sociale huisvesting, waar ik 22 jaar gewerkt heb in diverse functies bij verschillende woningcorporaties. Daarna heb ik als interim manager gewerkt en ben zo ook terechtgekomen bij ASML.  Hier heb ik 15 jaar gewerkt als programmamanager, waar ik verantwoordelijk was voor kantoorhuisvesting en de ontwikkeling van werkplekconcepten. Tenslotte ben ik de laatste jaren weer teruggekeerd naar mijn oorsprong als regisseur Participatie bij Habion (een woningcorporatie voor ouderen).<br \/>\n<span style=\";font-weight:bold\">Beweegredenen:<\/span><br \/>\n<br \/>\nIk vind het belangrijk dat iedereen duurzaam en betekenisvol kan blijven meedoen in de huidige maatschappij.  Dit geldt voor ouderen, maar eigenlijk voor iedereen, die minder vaardig of meer kwetsbaar is. Participatie, communicatie en de wil om elkaar te zien en te begrijpen helpen daarbij. <br \/>\nDaar wil ik graag vanuit mijn betrokkenheid en mijn achtergrond in de Adviesraad een bijdrage aan leveren, samen met elkaar en voor elkaar.<\/td><td class=\"column-2\"><img loading=\"lazy\" decoding=\"async\" src=\"https:\/\/asdmeierijstad.nl\/wordpress\/wp-content\/uploads\/2026\/01\/foto-Hermien-Visser.jpg\" alt=\"\" width=\"225\" height=\"300\" class=\"alignnone size-medium wp-image-110\" \/>  <\/td>\n<\/tr>\n<tr class=\"row-12\">\n\t<td class=\"column-1\"><h1>Sjan van Roosmalen, aandachtsgebied jeugd en onderwijs<\/h1><span style=\";font-weight:bold\">Wie ben ik: <\/span><br \/>\nIk ben Sjan van Roosmalen, geboren in 1960 in Boxtel. Ik woon sinds 1999 met veel plezier in Veghel. Ik ben getrouwd en wij hebben 2 volwassen zonen en 2 kleindochters. Ik ben in september 2025 gestopt met werken en sinds 1 maart 2026 lid van de Adviesraad. <br \/>\n<\/span><br \/>\n<br \/>\n<span style=\";font-weight:bold\">Mijn achtergrond: <\/span><br \/>\nIk heb in Vught de opleiding tot Z-verpleegkundige gevolgd en heb tijdens en na mijn opleiding gewerkt binnen Herlaarhof, kliniek voor kinder- en jeugdpsychiatrie. <br \/>\nIn 1992 ben ik gestart met de deeltijdopleiding Sociale pedagogiek en na het behalen van die studie doorgegaan naar de Hogere Kaderopleiding Pedagogiek. Als vervolg hierop heb ik Pedagogische Wetenschappen en Onderwijskunde gestudeerd en ben ik in 2001 afgestudeerd. <br \/>\nNa 21 jaar als verpleegkundige gewerkt te hebben heb ik een jaar voor een arbeids- en organisatieadviesbureau gewerkt en mensen begeleid die uit het arbeidsproces geraakt waren en erin terug wilden keren. <br \/>\nDaarna ben ik als docent gaan werken bij het Koning Willem 1 College. <br \/>\nNa het afronden van de studie Pedagogische Wetenschappen en Onderwijskunde heb ik de overstap gemaakt naar het Catharina ziekenhuis. In de functie co\u00f6rdinator praktijkopleiding kwamen zowel mijn verpleegkundige kennis als kennis van onderwijs bij elkaar. <br \/>\nIn 2006 heb ik de overstap gemaakt naar ziekenhuis Bernhoven waar ik 19 jaar gewerkt heb als Manager Opleidingen. <br \/>\n<br \/>\n<span style=\";font-weight:bold\">Beweegredenen:<\/span><br \/>\n<br \/>\nIk vind het belangrijk dat alle kinderen\/ jongeren een kans krijgen zich te ontwikkelen, passend bij hun talenten en belangstelling. Daarvoor is goed onderwijs, hulpverlening en samenwerking tussen de diverse (onderwijs)instellingen van belang. Het aandachtsgebied Jeugd en onderwijs heeft raakvlakken met de andere aandachtsgebieden van de Adviesraad. Dat vraagt ook binnen de Adviesraad om een goede afstemming en samenwerking. Met de kennis en ervaring die ik heb opgedaan wil ik daar graag een bijdrage aan leveren en op die manier bijdragen aan onze maatschappij. Voor mij ook een mooie manier om mezelf te blijven ontwikkelen.  <\/td><td class=\"column-2\"><img loading=\"lazy\" decoding=\"async\" src=\"https:\/\/asdmeierijstad.nl\/wordpress\/wp-content\/uploads\/2026\/03\/Sjan-van-Roosmalen-scaled.jpg\" alt=\"\" width=\"225\" height=\"300\" class=\"alignnone size-medium wp-image-110\" \/><\/td>\n<\/tr>\n<\/tbody>\n<\/table>\n<!-- #tablepress-1 from cache -->\n\n\n<p><\/p>\n","protected":false},"excerpt":{"rendered":"","protected":false},"author":1,"featured_media":0,"parent":0,"menu_order":0,"comment_status":"closed","ping_status":"closed","template":"onecolumn-page.php","meta":{"footnotes":""},"_links":{"self":[{"href":"https:\/\/asdmeierijstad.nl\/wordpress\/wp-json\/wp\/v2\/pages\/26"}],"collection":[{"href":"https:\/\/asdmeierijstad.nl\/wordpress\/wp-json\/wp\/v2\/pages"}],"about":[{"href":"https:\/\/asdmeierijstad.nl\/wordpress\/wp-json\/wp\/v2\/types\/page"}],"author":[{"embeddable":true,"href":"https:\/\/asdmeierijstad.nl\/wordpress\/wp-json\/wp\/v2\/users\/1"}],"replies":[{"embeddable":true,"href":"https:\/\/asdmeierijstad.nl\/wordpress\/wp-json\/wp\/v2\/comments?post=26"}],"version-history":[{"count":11,"href":"https:\/\/asdmeierijstad.nl\/wordpress\/wp-json\/wp\/v2\/pages\/26\/revisions"}],"predecessor-version":[{"id":1542,"href":"https:\/\/asdmeierijstad.nl\/wordpress\/wp-json\/wp\/v2\/pages\/26\/revisions\/1542"}],"wp:attachment":[{"href":"https:\/\/asdmeierijstad.nl\/wordpress\/wp-json\/wp\/v2\/media?parent=26"}],"curies":[{"name":"wp","href":"https:\/\/api.w.org\/{rel}","templated":true}]}}